{"id":7302,"date":"2026-03-22T10:56:47","date_gmt":"2026-03-22T10:56:47","guid":{"rendered":"https:\/\/test-clean.aurorabianca.it\/?page_id=7302"},"modified":"2026-03-22T10:59:41","modified_gmt":"2026-03-22T10:59:41","slug":"resi-e-rimborsi","status":"publish","type":"page","link":"https:\/\/test-clean.aurorabianca.it\/index.php\/resi-e-rimborsi\/","title":{"rendered":"Resi e rimborsi"},"content":{"rendered":"\t\t<div data-elementor-type=\"wp-post\" data-elementor-id=\"7302\" class=\"elementor elementor-7302\" data-elementor-post-type=\"page\">\n\t\t\t\t\t\t<section class=\"elementor-section elementor-top-section elementor-element elementor-element-28d7a9a8 elementor-section-stretched elementor-section-boxed elementor-section-height-default elementor-section-height-default\" data-id=\"28d7a9a8\" data-element_type=\"section\" data-e-type=\"section\" data-settings=\"{&quot;stretch_section&quot;:&quot;section-stretched&quot;,&quot;background_background&quot;:&quot;classic&quot;}\">\n\t\t\t\t\t\t<div class=\"elementor-container elementor-column-gap-no\">\n\t\t\t\t\t<div class=\"elementor-column elementor-col-100 elementor-top-column elementor-element elementor-element-585bfc6d\" data-id=\"585bfc6d\" data-element_type=\"column\" data-e-type=\"column\">\n\t\t\t<div class=\"elementor-widget-wrap elementor-element-populated\">\n\t\t\t\t\t\t<section class=\"elementor-section elementor-inner-section elementor-element elementor-element-35cbf0ea elementor-section-boxed elementor-section-height-default elementor-section-height-default\" data-id=\"35cbf0ea\" data-element_type=\"section\" data-e-type=\"section\">\n\t\t\t\t\t\t<div class=\"elementor-container elementor-column-gap-default\">\n\t\t\t\t\t<div class=\"elementor-column elementor-col-50 elementor-inner-column elementor-element elementor-element-26a1609a\" data-id=\"26a1609a\" data-element_type=\"column\" data-e-type=\"column\">\n\t\t\t<div class=\"elementor-widget-wrap elementor-element-populated\">\n\t\t\t\t\t\t<div class=\"elementor-element elementor-element-64a60170 elementor-invisible elementor-widget elementor-widget-heading\" data-id=\"64a60170\" data-element_type=\"widget\" data-e-type=\"widget\" data-settings=\"{&quot;_animation&quot;:&quot;fadeInUp&quot;}\" data-widget_type=\"heading.default\">\n\t\t\t\t\t<h1 class=\"elementor-heading-title elementor-size-default\">Resi e rimborsi<\/h1>\t\t\t\t<\/div>\n\t\t\t\t\t<\/div>\n\t\t<\/div>\n\t\t\t\t<div class=\"elementor-column elementor-col-50 elementor-inner-column elementor-element elementor-element-bf6295e\" data-id=\"bf6295e\" data-element_type=\"column\" data-e-type=\"column\">\n\t\t\t<div class=\"elementor-widget-wrap\">\n\t\t\t\t\t\t\t<\/div>\n\t\t<\/div>\n\t\t\t\t\t<\/div>\n\t\t<\/section>\n\t\t\t\t\t<\/div>\n\t\t<\/div>\n\t\t\t\t\t<\/div>\n\t\t<\/section>\n\t\t\t\t<section class=\"elementor-section elementor-top-section elementor-element elementor-element-983905d elementor-section-boxed elementor-section-height-default elementor-section-height-default\" data-id=\"983905d\" data-element_type=\"section\" data-e-type=\"section\">\n\t\t\t\t\t\t<div class=\"elementor-container elementor-column-gap-wider\">\n\t\t\t\t\t<div class=\"elementor-column elementor-col-100 elementor-top-column elementor-element elementor-element-7310116 elementor-invisible\" data-id=\"7310116\" data-element_type=\"column\" data-e-type=\"column\" data-settings=\"{&quot;animation&quot;:&quot;fadeIn&quot;}\">\n\t\t\t<div class=\"elementor-widget-wrap elementor-element-populated\">\n\t\t\t\t\t\t<div class=\"elementor-element elementor-element-e710402 elementor-widget elementor-widget-text-editor\" data-id=\"e710402\" data-element_type=\"widget\" data-e-type=\"widget\" data-widget_type=\"text-editor.default\">\n\t\t\t\t\t\t\t\t\t<h4><strong><img decoding=\"async\" class=\"emoji\" role=\"img\" draggable=\"false\" src=\"https:\/\/s.w.org\/images\/core\/emoji\/17.0.2\/svg\/1f504.svg\" alt=\"\ud83d\udd04\" data-cmp-ab=\"2\" data-cmp-info=\"10\" \/><\/strong>\u00a0Resi e Rimborsi<\/h4><h4>Ci auguriamo che ogni acquisto su Aurora Bianca ti soddisfi al 100%.<br \/>Ma se cos\u00ec non fosse, hai la possibilit\u00e0 di effettuare un reso in modo semplice.<\/h4><h4>\u00a0<\/h4><h4><img decoding=\"async\" class=\"emoji\" role=\"img\" draggable=\"false\" src=\"https:\/\/s.w.org\/images\/core\/emoji\/17.0.2\/svg\/1f4c5.svg\" alt=\"\ud83d\udcc5\" data-cmp-ab=\"2\" data-cmp-info=\"10\" \/>\u00a0Tempi per il reso<\/h4><h4>Puoi restituire uno o pi\u00f9 articoli entro\u00a015 giorni dalla data di consegna.<\/h4><h4>\u00a0<\/h4><h4><img decoding=\"async\" class=\"emoji\" role=\"img\" draggable=\"false\" src=\"https:\/\/s.w.org\/images\/core\/emoji\/17.0.2\/svg\/1f69a.svg\" alt=\"\ud83d\ude9a\" data-cmp-ab=\"2\" data-cmp-info=\"10\" \/>\u00a0Spese di spedizione<\/h4><h4>Le\u00a0spese di spedizione per il reso sono a carico dell\u2019acquirente.<br \/>Ti consigliamo di utilizzare un servizio tracciabile per garantire la corretta gestione della procedura.<\/h4><h4>\u00a0<\/h4><h4><img decoding=\"async\" class=\"emoji\" role=\"img\" draggable=\"false\" src=\"https:\/\/s.w.org\/images\/core\/emoji\/17.0.2\/svg\/1f4b3.svg\" alt=\"\ud83d\udcb3\" data-cmp-ab=\"2\" data-cmp-info=\"10\" \/>\u00a0Rimborso<\/h4><h4>Una volta ricevuto e verificato il reso, procederemo con il\u00a0rimborso entro 5-7 giorni lavorativi\u00a0tramite il metodo di pagamento utilizzato per l\u2019acquisto.<\/h4><h4>\u00a0<\/h4><h4><img decoding=\"async\" class=\"emoji\" role=\"img\" draggable=\"false\" src=\"https:\/\/s.w.org\/images\/core\/emoji\/17.0.2\/svg\/1f4e9.svg\" alt=\"\ud83d\udce9\" data-cmp-ab=\"2\" data-cmp-info=\"10\" \/>\u00a0Come richiedere un reso<\/h4><h4>Scrivici all\u2019indirizzo email dedicato all\u2019assistenza clienti: [inserire email] indicando:<br \/>\u2013 Numero ordine<br \/>\u2013 Nome e cognome<br \/>\u2013 Articolo che desideri restituire<br \/>Il nostro team ti guider\u00e0 passo dopo passo.<\/h4>\t\t\t\t\t\t\t\t<\/div>\n\t\t\t\t\t<\/div>\n\t\t<\/div>\n\t\t\t\t\t<\/div>\n\t\t<\/section>\n\t\t\t\t<section class=\"elementor-section elementor-top-section elementor-element elementor-element-bb36c6f elementor-section-boxed elementor-section-height-default elementor-section-height-default\" data-id=\"bb36c6f\" data-element_type=\"section\" data-e-type=\"section\">\n\t\t\t\t\t\t<div class=\"elementor-container elementor-column-gap-wider\">\n\t\t\t\t\t<div class=\"elementor-column elementor-col-100 elementor-top-column elementor-element elementor-element-2880450 elementor-invisible\" data-id=\"2880450\" data-element_type=\"column\" data-e-type=\"column\" data-settings=\"{&quot;animation&quot;:&quot;fadeIn&quot;}\">\n\t\t\t<div class=\"elementor-widget-wrap elementor-element-populated\">\n\t\t\t\t\t\t<div class=\"elementor-element elementor-element-e736d22 elementor-widget elementor-widget-n-accordion\" data-id=\"e736d22\" data-element_type=\"widget\" data-e-type=\"widget\" data-settings=\"{&quot;default_state&quot;:&quot;all_collapsed&quot;,&quot;max_items_expended&quot;:&quot;one&quot;,&quot;n_accordion_animation_duration&quot;:{&quot;unit&quot;:&quot;ms&quot;,&quot;size&quot;:400,&quot;sizes&quot;:[]}}\" data-widget_type=\"nested-accordion.default\">\n\t\t\t\t\t\t\t<div class=\"e-n-accordion\" aria-label=\"Accordion. Open links with Enter or Space, close with Escape, and navigate with Arrow Keys\">\n\t\t\t\t\t\t<details id=\"e-n-accordion-item-2420\" class=\"e-n-accordion-item\" >\n\t\t\t\t<summary class=\"e-n-accordion-item-title\" data-accordion-index=\"1\" tabindex=\"0\" aria-expanded=\"false\" aria-controls=\"e-n-accordion-item-2420\" >\n\t\t\t\t\t<span class='e-n-accordion-item-title-header'><div class=\"e-n-accordion-item-title-text\"> Definizioni e riferimenti legali <\/div><\/span>\n\t\t\t\t\t\t\t<span class='e-n-accordion-item-title-icon'>\n\t\t\t<span class='e-opened' ><svg aria-hidden=\"true\" class=\"e-font-icon-svg e-fas-minus\" viewBox=\"0 0 448 512\" xmlns=\"http:\/\/www.w3.org\/2000\/svg\"><path d=\"M416 208H32c-17.67 0-32 14.33-32 32v32c0 17.67 14.33 32 32 32h384c17.67 0 32-14.33 32-32v-32c0-17.67-14.33-32-32-32z\"><\/path><\/svg><\/span>\n\t\t\t<span class='e-closed'><svg aria-hidden=\"true\" class=\"e-font-icon-svg e-fas-plus\" viewBox=\"0 0 448 512\" xmlns=\"http:\/\/www.w3.org\/2000\/svg\"><path d=\"M416 208H272V64c0-17.67-14.33-32-32-32h-32c-17.67 0-32 14.33-32 32v144H32c-17.67 0-32 14.33-32 32v32c0 17.67 14.33 32 32 32h144v144c0 17.67 14.33 32 32 32h32c17.67 0 32-14.33 32-32V304h144c17.67 0 32-14.33 32-32v-32c0-17.67-14.33-32-32-32z\"><\/path><\/svg><\/span>\n\t\t<\/span>\n\n\t\t\t\t\t\t<\/summary>\n\t\t\t\t<div role=\"region\" aria-labelledby=\"e-n-accordion-item-2420\" class=\"elementor-element elementor-element-ba592c9 e-con-full e-flex e-con e-child\" data-id=\"ba592c9\" data-element_type=\"container\" data-e-type=\"container\">\n\t\t<div role=\"region\" aria-labelledby=\"e-n-accordion-item-2420\" class=\"elementor-element elementor-element-4769ea4 e-flex e-con-boxed e-con e-child\" data-id=\"4769ea4\" data-element_type=\"container\" data-e-type=\"container\">\n\t\t\t\t\t<div class=\"e-con-inner\">\n\t\t\t\t<div class=\"elementor-element elementor-element-72f1b55 elementor-widget elementor-widget-text-editor\" data-id=\"72f1b55\" data-element_type=\"widget\" data-e-type=\"widget\" data-widget_type=\"text-editor.default\">\n\t\t\t\t\t\t\t\t\t<p>Questa Applicazione (o questa Applicazione)<br \/>La struttura che consente la fornitura del Servizio.<\/p><p>Accordo<br \/>Qualsiasi rapporto legalmente vincolante o contrattuale tra il Titolare e l\u2019Utente disciplinato dai Termini.<\/p><p>Brasiliano (o Brasile)<br \/>Si applica quando l\u2019Utente, a prescindere dalla nazionalit\u00e0, si trova in Brasile.<\/p><p>Utente Commerciale<br \/>Qualsiasi Utente che non corrisponde alla definizione di Consumatore.<\/p><p>Prodotto Digitale<br \/>\u00c8 un Prodotto che consiste in:<\/p><p>contenuti prodotti e forniti in formato digitale; e\/o<br \/>un servizio che consente la creazione, trasformazione, archiviazione o accesso dei dati in formato digitale, o la condivisione o qualsiasi altra interazione con dati in formato digitale caricati o creati dall\u2019Utente e da qualsiasi altro Utente di questa Applicazione.<br \/>Europeo (o Europa)<br \/>Si applica quando l\u2019Utente, a prescindere dalla nazionalit\u00e0, si trova nell\u2019Unione Europea.<\/p><p>Modulo di recesso tipo<br \/>Indirizzato a:<\/p><p>via della Resistenza, 121 \u2013 Buccinasco \u2013 Italy +39 351 612 6128<br \/>shop@aurorabianca.it<\/p><p>Con la presente io\/noi notifichiamo il recesso dal mio\/nostro contratto di vendita dei seguenti beni\/servizi:<\/p><p>_____________________________________________ (inserire qui una descrizione dei beni\/servizi dal cui acquisto si intende recedere)<\/p><p>Ordinato il: _____________________________________________ (inserire la data)<br \/>Ricevuto il: _____________________________________________ (inserire la data)<br \/>Nome del\/dei consumatore\/i:_____________________________________________<br \/>Indirizzo del\/dei consumatore\/i:_____________________________________________<br \/>Data: _____________________________________________<br \/>(firmare solamente se il presente modulo \u00e8 notificato in versione cartacea)<\/p><p>Titolare (o Noi)<br \/>Indica la persona fisica o giuridica che fornisce questa Applicazione e\/o offre il Servizio agli Utenti.<\/p><p>Prodotto<br \/>Un bene o servizio disponibile tramite questa Applicazione, come ad esempio un bene materiale, file digitali, software, servizi di prenotazione etc., e qualsiasi altro tipo di prodotto definito separatamente nel presente documento, come i Prodotti Digitali.<\/p><p>Servizio<br \/>Il servizio offerto tramite questa Applicazione cos\u00ec come descritto nei Termini e su questa Applicazione.<\/p><p>Termini<br \/>Tutte le condizioni applicabili all\u2019utilizzo di questa Applicazione e\/o alla fornitura del Servizio cos\u00ec come descritti in questo documento nonch\u00e9 in qualsiasi altro documento o accordo ad esso collegato, nella versione rispettivamente pi\u00f9 aggiornata.<\/p><p>Regno Unito (o UK)<br \/>Si applica quando l\u2019Utente, a prescindere dalla nazionalit\u00e0, si trova nel Regno Unito.<\/p><p>Utente (o Tu)<br \/>Indica qualsiasi persona fisica che utilizzi questa Applicazione.<\/p><p>Consumatore<br \/>Vale come Consumatore qualsiasi Utente considerato tale ai sensi della legge applicabile.<\/p>\t\t\t\t\t\t\t\t<\/div>\n\t\t\t\t\t<\/div>\n\t\t\t\t<\/div>\n\t\t\t\t<\/div>\n\t\t\t\t\t<\/details>\n\t\t\t\t\t<\/div>\n\t\t\t\t\t\t<\/div>\n\t\t\t\t\t<\/div>\n\t\t<\/div>\n\t\t\t\t\t<\/div>\n\t\t<\/section>\n\t\t\t\t<\/div>\n\t\t","protected":false},"excerpt":{"rendered":"<p>Resi e rimborsi \u00a0Resi e Rimborsi Ci auguriamo che ogni acquisto su Aurora Bianca ti soddisfi al 100%.Ma se cos\u00ec non fosse, hai la possibilit\u00e0 di effettuare un reso in modo semplice. \u00a0 \u00a0Tempi per il reso Puoi restituire uno o pi\u00f9 articoli entro\u00a015 giorni dalla data di consegna. \u00a0 \u00a0Spese di spedizione Le\u00a0spese di [&hellip;]<\/p>\n","protected":false},"author":2,"featured_media":0,"parent":0,"menu_order":0,"comment_status":"closed","ping_status":"closed","template":"template-fullwidth-no-heading.php","meta":{"_monsterinsights_skip_tracking":false,"_monsterinsights_sitenote_active":false,"_monsterinsights_sitenote_note":"","_monsterinsights_sitenote_category":0,"footnotes":""},"class_list":["post-7302","page","type-page","status-publish","hentry"],"aioseo_notices":[],"_links":{"self":[{"href":"https:\/\/test-clean.aurorabianca.it\/index.php\/wp-json\/wp\/v2\/pages\/7302","targetHints":{"allow":["GET"]}}],"collection":[{"href":"https:\/\/test-clean.aurorabianca.it\/index.php\/wp-json\/wp\/v2\/pages"}],"about":[{"href":"https:\/\/test-clean.aurorabianca.it\/index.php\/wp-json\/wp\/v2\/types\/page"}],"author":[{"embeddable":true,"href":"https:\/\/test-clean.aurorabianca.it\/index.php\/wp-json\/wp\/v2\/users\/2"}],"replies":[{"embeddable":true,"href":"https:\/\/test-clean.aurorabianca.it\/index.php\/wp-json\/wp\/v2\/comments?post=7302"}],"version-history":[{"count":7,"href":"https:\/\/test-clean.aurorabianca.it\/index.php\/wp-json\/wp\/v2\/pages\/7302\/revisions"}],"predecessor-version":[{"id":7309,"href":"https:\/\/test-clean.aurorabianca.it\/index.php\/wp-json\/wp\/v2\/pages\/7302\/revisions\/7309"}],"wp:attachment":[{"href":"https:\/\/test-clean.aurorabianca.it\/index.php\/wp-json\/wp\/v2\/media?parent=7302"}],"curies":[{"name":"wp","href":"https:\/\/api.w.org\/{rel}","templated":true}]}}